{"id":3234,"date":"2020-06-18T03:16:56","date_gmt":"2020-06-18T03:16:56","guid":{"rendered":"https:\/\/bei-lin-da.cn\/contatti\/"},"modified":"2021-12-29T23:03:25","modified_gmt":"2021-12-29T15:03:25","slug":"contatti","status":"publish","type":"page","link":"https:\/\/www.bei-lin-da.cn\/it\/contatti\/","title":{"rendered":"C- Contatti"},"content":{"rendered":"\t\t<div data-elementor-type=\"wp-page\" data-elementor-id=\"3234\" class=\"elementor elementor-3234 elementor-2203\" data-elementor-settings=\"[]\">\n\t\t\t\t\t\t<div class=\"elementor-inner\">\n\t\t\t\t\t\t\t<div class=\"elementor-section-wrap\">\n\t\t\t\t\t\t\t<section data-particle_enable=\"false\" data-particle-mobile-disabled=\"false\" class=\"elementor-section elementor-top-section elementor-element elementor-element-732165b6 elementor-section-boxed elementor-section-height-default elementor-section-height-default\" data-id=\"732165b6\" data-element_type=\"section\" data-settings=\"{&quot;background_background&quot;:&quot;classic&quot;}\">\n\t\t\t\t\t\t<div class=\"elementor-container elementor-column-gap-default\">\n\t\t\t\t\t\t\t<div class=\"elementor-row\">\n\t\t\t\t\t<div class=\"elementor-column elementor-col-50 elementor-top-column elementor-element elementor-element-25c98b86\" data-id=\"25c98b86\" data-element_type=\"column\">\n\t\t\t<div class=\"elementor-column-wrap elementor-element-populated\">\n\t\t\t\t\t\t\t<div class=\"elementor-widget-wrap\">\n\t\t\t\t\t\t<div class=\"elementor-element elementor-element-42e53d43 elementor-widget elementor-widget-heading\" data-id=\"42e53d43\" data-element_type=\"widget\" data-widget_type=\"heading.default\">\n\t\t\t\t<div class=\"elementor-widget-container\">\n\t\t\t<h3 class=\"elementor-heading-title elementor-size-default elementor-heading-title elementor-size-default\">Chiamaci o Riempi il \nmodulo<\/h3>\t\t<\/div>\n\t\t\t\t<\/div>\n\t\t\t\t<div class=\"elementor-element elementor-element-4c5c38a8 elementor-widget elementor-widget-heading\" data-id=\"4c5c38a8\" data-element_type=\"widget\" data-widget_type=\"heading.default\">\n\t\t\t\t<div class=\"elementor-widget-container\">\n\t\t\t<span class=\"elementor-heading-title elementor-size-default elementor-heading-title elementor-size-default\"><i class=\"ti-mobile\"><\/i><span><b>+86 1881 5299 660<\/b><br>\nUTC 08:00<\/span><\/span>\t\t<\/div>\n\t\t\t\t<\/div>\n\t\t\t\t<div class=\"elementor-element elementor-element-24e6ca9 elementor-widget elementor-widget-heading\" data-id=\"24e6ca9\" data-element_type=\"widget\" data-widget_type=\"heading.default\">\n\t\t\t\t<div class=\"elementor-widget-container\">\n\t\t\t<span class=\"elementor-heading-title elementor-size-default elementor-heading-title elementor-size-default\"><i class=\"ti-email\"><\/i><span><b>marketing@bei -lin-da.com<\/b><br>\nLascia cadere qualche riga, ti risponderemo al pi\u00f9 presto<\/span><\/span>\t\t<\/div>\n\t\t\t\t<\/div>\n\t\t\t\t<div class=\"elementor-element elementor-element-bc633fb elementor-widget elementor-widget-heading\" data-id=\"bc633fb\" data-element_type=\"widget\" data-widget_type=\"heading.default\">\n\t\t\t\t<div class=\"elementor-widget-container\">\n\t\t\t<span class=\"elementor-heading-title elementor-size-default elementor-heading-title elementor-size-default\"><i class=\"ti-map-alt\"><\/i><span><b>Rm n. 426 - 3a N. 2 Distretto di XinJian Road Beilun, Ningbo Cina<\/b><\/span><\/span>\t\t<\/div>\n\t\t\t\t<\/div>\n\t\t\t\t<div class=\"elementor-element elementor-element-433a405d elementor-widget elementor-widget-heading\" data-id=\"433a405d\" data-element_type=\"widget\" data-widget_type=\"heading.default\">\n\t\t\t\t<div class=\"elementor-widget-container\">\n\t\t\t<span class=\"elementor-heading-title elementor-size-default elementor-heading-title elementor-size-default\"><i class=\"business-rewind-time\"><\/i><span><b>Orario di lavoro<\/b><br>\nLUN-VEN 09:00 - 19:00<br> SAT-SUN 10:00 - 14:00<\/span><\/span>\t\t<\/div>\n\t\t\t\t<\/div>\n\t\t\t\t<div class=\"elementor-element elementor-element-d488086 elementor-position-left elementor-view-default elementor-vertical-align-top elementor-widget elementor-widget-icon-box\" data-id=\"d488086\" data-element_type=\"widget\" data-widget_type=\"icon-box.default\">\n\t\t\t\t<div class=\"elementor-widget-container\">\n\t\t\t\t\t<div class=\"elementor-icon-box-wrapper\">\n\t\t\t\t\t\t<div class=\"elementor-icon-box-icon\">\n\t\t\t\t<a class=\"elementor-icon elementor-animation-\" href=\"https:\/\/join.skype.com\/invite\/Jum0CjiVVOaT\">\n\t\t\t\t<i aria-hidden=\"true\" class=\"fab fa-skype\"><\/i>\t\t\t\t<\/a>\n\t\t\t<\/div>\n\t\t\t\t\t\t<div class=\"elementor-icon-box-content\">\n\t\t\t\t<h3 class=\"elementor-icon-box-title\">\n\t\t\t\t\t<a href=\"https:\/\/join.skype.com\/invite\/Jum0CjiVVOaT\" >\n\t\t\t\t\t\tChiamaci\t\t\t\t\t<\/a>\n\t\t\t\t<\/h3>\n\t\t\t\t\t\t\t<\/div>\n\t\t<\/div>\n\t\t\t\t<\/div>\n\t\t\t\t<\/div>\n\t\t\t\t<div class=\"elementor-element elementor-element-ca40ab8 elementor-widget elementor-widget-html\" data-id=\"ca40ab8\" data-element_type=\"widget\" data-widget_type=\"html.default\">\n\t\t\t\t<div class=\"elementor-widget-container\">\n\t\t\t<span class=\"wtb-ew-v1\" style=\"width: 204px; display:inline-block\"><script src=\"https:\/\/www.worldtimebuddy.com\/clock_widget.js?h=1799397&amp;bc=ED1C24&amp;cn=&amp;wt=c1\"><\/script><i>\n  <a href=\"https:\/\/www.worldtimebuddy.com\/\">Orologio Mondiale<\/a>\n<\/i><noscript>\n  <a href=\"https:\/\/www.worldtimebuddy.com\/\">World Clock<\/a>\n<\/noscript><script>window[wtb_event_widgets.pop()].init()<\/script><\/span>\t\t<\/div>\n\t\t\t\t<\/div>\n\t\t\t\t\t\t<\/div>\n\t\t\t\t\t<\/div>\n\t\t<\/div>\n\t\t\t\t<div class=\"elementor-column elementor-col-50 elementor-top-column elementor-element elementor-element-6d3148fa\" data-id=\"6d3148fa\" data-element_type=\"column\">\n\t\t\t<div class=\"elementor-column-wrap elementor-element-populated\">\n\t\t\t\t\t\t\t<div class=\"elementor-widget-wrap\">\n\t\t\t\t\t\t<div class=\"elementor-element elementor-element-dd275bd elementor-button-align-stretch elementor-widget elementor-widget-form\" data-id=\"dd275bd\" data-element_type=\"widget\" data-settings=\"{&quot;step_next_label&quot;:&quot;Prossimo&quot;,&quot;step_previous_label&quot;:&quot;Precedente&quot;,&quot;button_width&quot;:&quot;100&quot;,&quot;step_type&quot;:&quot;number_text&quot;,&quot;step_icon_shape&quot;:&quot;circle&quot;}\" data-widget_type=\"form.default\">\n\t\t\t\t<div class=\"elementor-widget-container\">\n\t\t\t\t\t<form class=\"elementor-form\" method=\"post\" name=\"Nuovo modulo\">\n\t\t\t<input type=\"hidden\" name=\"post_id\" value=\"3234\"\/>\n\t\t\t<input type=\"hidden\" name=\"form_id\" value=\"dd275bd\"\/>\n\t\t\t<input type=\"hidden\" name=\"referer_title\" value=\"Industrial business services\" \/>\n\n\t\t\t\n\t\t\t<div class=\"elementor-form-fields-wrapper elementor-labels-above\">\n\t\t\t\t\t\t\t\t<div class=\"elementor-field-type-text elementor-field-group elementor-column elementor-field-group-name elementor-col-100\">\n\t\t\t\t\t\t\t\t\t\t\t\t<label for=\"form-field-name\" class=\"elementor-field-label\">\n\t\t\t\t\t\t\t\tNome\t\t\t\t\t\t\t<\/label>\n\t\t\t\t\t\t\t\t\t\t\t\t\t\t<input size=\"1\" type=\"text\" name=\"form_fields[name]\" id=\"form-field-name\" class=\"elementor-field elementor-size-sm  elementor-field-textual\" placeholder=\"Nome\">\n\t\t\t\t\t\t\t\t\t\t\t<\/div>\n\t\t\t\t\t\t\t\t<div class=\"elementor-field-type-email elementor-field-group elementor-column elementor-field-group-email elementor-col-100 elementor-field-required\">\n\t\t\t\t\t\t\t\t\t\t\t\t<label for=\"form-field-email\" class=\"elementor-field-label\">\n\t\t\t\t\t\t\t\tE-mail\t\t\t\t\t\t\t<\/label>\n\t\t\t\t\t\t\t\t\t\t\t\t\t\t<input size=\"1\" type=\"email\" name=\"form_fields[email]\" id=\"form-field-email\" class=\"elementor-field elementor-size-sm  elementor-field-textual\" placeholder=\"E-mail\" required=\"required\" aria-required=\"true\">\n\t\t\t\t\t\t\t\t\t\t\t<\/div>\n\t\t\t\t\t\t\t\t<div class=\"elementor-field-type-textarea elementor-field-group elementor-column elementor-field-group-message elementor-col-100\">\n\t\t\t\t\t\t\t\t\t\t\t\t<label for=\"form-field-message\" class=\"elementor-field-label\">\n\t\t\t\t\t\t\t\tMessaggio\t\t\t\t\t\t\t<\/label>\n\t\t\t\t\t\t<textarea class=\"elementor-field-textual elementor-field  elementor-size-sm\" name=\"form_fields[message]\" id=\"form-field-message\" rows=\"4\" placeholder=\"Messaggio\"><\/textarea>\t\t\t\t<\/div>\n\t\t\t\t\t\t\t\t<div class=\"elementor-field-group elementor-column elementor-field-type-submit elementor-col-100 e-form__buttons\">\n\t\t\t\t\t<button type=\"submit\" class=\"elementor-button elementor-size-sm\">\n\t\t\t\t\t\t<span >\n\t\t\t\t\t\t\t\t\t\t\t\t\t\t\t<span class=\" elementor-button-icon\">\n\t\t\t\t\t\t\t\t\t\t\t\t\t\t\t\t\t\t\t\t\t\t\t\t\t\t<\/span>\n\t\t\t\t\t\t\t\t\t\t\t\t\t\t\t\t\t\t\t\t\t\t<span class=\"elementor-button-text\">Invia<\/span>\n\t\t\t\t\t\t\t\t\t\t\t\t\t<\/span>\n\t\t\t\t\t<\/button>\n\t\t\t\t<\/div>\n\t\t\t<\/div>\n\t\t<\/form>\n\t\t\t\t<\/div>\n\t\t\t\t<\/div>\n\t\t\t\t\t\t<\/div>\n\t\t\t\t\t<\/div>\n\t\t<\/div>\n\t\t\t\t\t\t\t\t<\/div>\n\t\t\t\t\t<\/div>\n\t\t<\/section>\n\t\t\t\t<section data-particle_enable=\"false\" data-particle-mobile-disabled=\"false\" class=\"elementor-section elementor-top-section elementor-element elementor-element-e68eb0d elementor-section-stretched elementor-section-full_width elementor-section-height-default elementor-section-height-default\" data-id=\"e68eb0d\" data-element_type=\"section\" data-settings=\"{&quot;stretch_section&quot;:&quot;section-stretched&quot;,&quot;background_background&quot;:&quot;classic&quot;}\">\n\t\t\t\t\t\t<div class=\"elementor-container elementor-column-gap-default\">\n\t\t\t\t\t\t\t<div class=\"elementor-row\">\n\t\t\t\t\t<div class=\"elementor-column elementor-col-100 elementor-top-column elementor-element elementor-element-51c7849\" data-id=\"51c7849\" data-element_type=\"column\">\n\t\t\t<div class=\"elementor-column-wrap elementor-element-populated\">\n\t\t\t\t\t\t\t<div class=\"elementor-widget-wrap\">\n\t\t\t\t\t\t<div class=\"elementor-element elementor-element-fa49f5d elementor-widget elementor-widget-google_maps\" data-id=\"fa49f5d\" data-element_type=\"widget\" data-widget_type=\"google_maps.default\">\n\t\t\t\t<div class=\"elementor-widget-container\">\n\t\t\t\t\t<div class=\"elementor-custom-embed\">\n\t\t\t<iframe frameborder=\"0\" scrolling=\"no\" marginheight=\"0\" marginwidth=\"0\"\n\t\t\t\t\tsrc=\"https:\/\/maps.google.com\/maps?q=ningbo%20beilun&#038;t=m&#038;z=10&#038;output=embed&#038;iwloc=near\"\n\t\t\t\t\ttitle=\"ningbo beilun\"\n\t\t\t\t\taria-label=\"ningbo beilun\"\n\t\t\t><\/iframe>\n\t\t<\/div>\n\t\t\t\t<\/div>\n\t\t\t\t<\/div>\n\t\t\t\t\t\t<\/div>\n\t\t\t\t\t<\/div>\n\t\t<\/div>\n\t\t\t\t\t\t\t\t<\/div>\n\t\t\t\t\t<\/div>\n\t\t<\/section>\n\t\t\t\t\t\t<\/div>\n\t\t\t\t\t\t<\/div>\n\t\t\t\t\t<\/div>\n\t\t","protected":false},"excerpt":{"rendered":"<p>Chiamaci o Riempi il modulo +86 1881 5299 660 UTC 08:00 marketing@bei -lin-da.com Lascia cadere qualche riga, ti&#8230;<\/p>\n","protected":false},"author":1,"featured_media":0,"parent":0,"menu_order":0,"comment_status":"closed","ping_status":"closed","template":"elementor_header_footer","meta":[],"tags":[459,241,243,242,448,783,230,593,728,245,592,45,723,722,782],"yoast_head":"<!-- This site is optimized with the Yoast SEO Premium plugin v17.8 (Yoast SEO v18.4.1) - https:\/\/yoast.com\/wordpress\/plugins\/seo\/ -->\n<title>C- Contatti &bull; Industrial business services Cina-produzione-consulente-ispezioni-<\/title>\n<meta name=\"description\" content=\"Pagina di contatto, dalla ricerca del produttore ottimale in Cina alla gestione della produzione, alla costruzione di processi di qualit\u00e0 e garanzia, alla consegna a standard definiti, B-L-D Advisors Consultant pu\u00f2 gestire con competenza tutte le attivit\u00e0 di China Operations. sviluppo, ottimizzazione, ciclo di prodotto di gestione, dallo sviluppo della progettazione del prodotto alla produzione su larga scala, agli standard di qualit\u00e0 e alla logistica. Ispezioni controlla il sitoIndustrial business services C- Contatti &bull; %\" \/>\n<meta name=\"robots\" content=\"index, follow, max-snippet:-1, max-image-preview:large, max-video-preview:-1\" \/>\n<link rel=\"canonical\" href=\"https:\/\/www.bei-lin-da.cn\/it\/contatti\/\" \/>\n<meta property=\"og:locale\" content=\"it_IT\" \/>\n<meta property=\"og:type\" content=\"article\" \/>\n<meta property=\"og:title\" content=\"C- Contatti\" \/>\n<meta property=\"og:description\" content=\"Pagina di contatto, dalla ricerca del produttore ottimale in Cina alla gestione della produzione, alla costruzione di processi di qualit\u00e0 e garanzia, alla consegna a standard definiti, B-L-D Advisors Consultant pu\u00f2 gestire con competenza tutte le attivit\u00e0 di China Operations. sviluppo, ottimizzazione, ciclo di prodotto di gestione, dallo sviluppo della progettazione del prodotto alla produzione su larga scala, agli standard di qualit\u00e0 e alla logistica. Ispezioni controlla il sitoIndustrial business services C- Contatti &bull; %\" \/>\n<meta property=\"og:url\" content=\"https:\/\/www.bei-lin-da.cn\/it\/contatti\/\" \/>\n<meta property=\"og:site_name\" content=\"Industrial business services\" \/>\n<meta property=\"article:publisher\" content=\"https:\/\/www.facebook.com\/BLDindustrialservices\/?modal=admin_todo_tour\" \/>\n<meta property=\"article:modified_time\" content=\"2021-12-29T15:03:25+00:00\" \/>\n<meta property=\"og:image\" content=\"https:\/\/www.bei-lin-da.cn\/wp-content\/uploads\/2020\/06\/B-L-D1-OR.jpg\" \/>\n\t<meta property=\"og:image:width\" content=\"500\" \/>\n\t<meta property=\"og:image:height\" content=\"500\" \/>\n\t<meta property=\"og:image:type\" content=\"image\/jpeg\" \/>\n<meta name=\"twitter:card\" content=\"summary_large_image\" \/>\n<meta name=\"twitter:site\" content=\"@PRANDA58\" \/>\n<meta name=\"twitter:label1\" content=\"Tempo di lettura stimato\" \/>\n\t<meta name=\"twitter:data1\" content=\"1 minuto\" \/>\n<script type=\"application\/ld+json\" class=\"yoast-schema-graph\">{\"@context\":\"https:\/\/schema.org\",\"@graph\":[{\"@type\":\"Organization\",\"@id\":\"https:\/\/www.bei-lin-da.cn\/#organization\",\"name\":\"B-L-D Advisors\",\"url\":\"https:\/\/www.bei-lin-da.cn\/\",\"sameAs\":[\"https:\/\/www.facebook.com\/BLDindustrialservices\/?modal=admin_todo_tour\",\"https:\/\/www.linkedin.com\/company\/18981482\/admin\/\",\"https:\/\/twitter.com\/PRANDA58\"],\"logo\":{\"@type\":\"ImageObject\",\"@id\":\"https:\/\/www.bei-lin-da.cn\/#logo\",\"inLanguage\":\"it-IT\",\"url\":\"http:\/\/bei-lin-da.cn\/wp-content\/uploads\/2021\/12\/B-L-D1-200-200.png\",\"contentUrl\":\"http:\/\/bei-lin-da.cn\/wp-content\/uploads\/2021\/12\/B-L-D1-200-200.png\",\"width\":200,\"height\":200,\"caption\":\"B-L-D Advisors\"},\"image\":{\"@id\":\"https:\/\/www.bei-lin-da.cn\/#logo\"}},{\"@type\":\"WebSite\",\"@id\":\"https:\/\/www.bei-lin-da.cn\/#website\",\"url\":\"https:\/\/www.bei-lin-da.cn\/\",\"name\":\"Industrial business services\",\"description\":\"Your Alter-Ego in China\",\"publisher\":{\"@id\":\"https:\/\/www.bei-lin-da.cn\/#organization\"},\"potentialAction\":[{\"@type\":\"SearchAction\",\"target\":{\"@type\":\"EntryPoint\",\"urlTemplate\":\"https:\/\/www.bei-lin-da.cn\/?s={search_term_string}\"},\"query-input\":\"required name=search_term_string\"}],\"inLanguage\":\"it-IT\"},{\"@type\":\"WebPage\",\"@id\":\"https:\/\/www.bei-lin-da.cn\/it\/contatti\/#webpage\",\"url\":\"https:\/\/www.bei-lin-da.cn\/it\/contatti\/\",\"name\":\"C- Contatti &bull; Industrial business services Cina-produzione-consulente-ispezioni-\",\"isPartOf\":{\"@id\":\"https:\/\/www.bei-lin-da.cn\/#website\"},\"datePublished\":\"2020-06-18T03:16:56+00:00\",\"dateModified\":\"2021-12-29T15:03:25+00:00\",\"description\":\"Pagina di contatto, dalla ricerca del produttore ottimale in Cina alla gestione della produzione, alla costruzione di processi di qualit\u00e0 e garanzia, alla consegna a standard definiti, B-L-D Advisors Consultant pu\u00f2 gestire con competenza tutte le attivit\u00e0 di China Operations. sviluppo, ottimizzazione, ciclo di prodotto di gestione, dallo sviluppo della progettazione del prodotto alla produzione su larga scala, agli standard di qualit\u00e0 e alla logistica. Ispezioni controlla il sitoIndustrial business services C- Contatti &bull; %\",\"breadcrumb\":{\"@id\":\"https:\/\/www.bei-lin-da.cn\/it\/contatti\/#breadcrumb\"},\"inLanguage\":\"it-IT\",\"potentialAction\":[{\"@type\":\"ReadAction\",\"target\":[\"https:\/\/www.bei-lin-da.cn\/it\/contatti\/\"]}]},{\"@type\":\"BreadcrumbList\",\"@id\":\"https:\/\/www.bei-lin-da.cn\/it\/contatti\/#breadcrumb\",\"itemListElement\":[{\"@type\":\"ListItem\",\"position\":1,\"name\":\"Home\",\"item\":\"https:\/\/www.bei-lin-da.cn\/it\/\"},{\"@type\":\"ListItem\",\"position\":2,\"name\":\"C- Contatti\"}]}]}<\/script>\n<!-- \/ Yoast SEO Premium plugin. -->","yoast_head_json":{"title":"C- Contatti &bull; Industrial business services Cina-produzione-consulente-ispezioni-","description":"Pagina di contatto, dalla ricerca del produttore ottimale in Cina alla gestione della produzione, alla costruzione di processi di qualit\u00e0 e garanzia, alla consegna a standard definiti, B-L-D Advisors Consultant pu\u00f2 gestire con competenza tutte le attivit\u00e0 di China Operations. sviluppo, ottimizzazione, ciclo di prodotto di gestione, dallo sviluppo della progettazione del prodotto alla produzione su larga scala, agli standard di qualit\u00e0 e alla logistica. Ispezioni controlla il sitoIndustrial business services C- Contatti &bull; %","robots":{"index":"index","follow":"follow","max-snippet":"max-snippet:-1","max-image-preview":"max-image-preview:large","max-video-preview":"max-video-preview:-1"},"canonical":"https:\/\/www.bei-lin-da.cn\/it\/contatti\/","og_locale":"it_IT","og_type":"article","og_title":"C- Contatti","og_description":"Pagina di contatto, dalla ricerca del produttore ottimale in Cina alla gestione della produzione, alla costruzione di processi di qualit\u00e0 e garanzia, alla consegna a standard definiti, B-L-D Advisors Consultant pu\u00f2 gestire con competenza tutte le attivit\u00e0 di China Operations. sviluppo, ottimizzazione, ciclo di prodotto di gestione, dallo sviluppo della progettazione del prodotto alla produzione su larga scala, agli standard di qualit\u00e0 e alla logistica. Ispezioni controlla il sitoIndustrial business services C- Contatti &bull; %","og_url":"https:\/\/www.bei-lin-da.cn\/it\/contatti\/","og_site_name":"Industrial business services","article_publisher":"https:\/\/www.facebook.com\/BLDindustrialservices\/?modal=admin_todo_tour","article_modified_time":"2021-12-29T15:03:25+00:00","og_image":[{"width":500,"height":500,"url":"https:\/\/www.bei-lin-da.cn\/wp-content\/uploads\/2020\/06\/B-L-D1-OR.jpg","type":"image\/jpeg"}],"twitter_card":"summary_large_image","twitter_site":"@PRANDA58","twitter_misc":{"Tempo di lettura stimato":"1 minuto"},"schema":{"@context":"https:\/\/schema.org","@graph":[{"@type":"Organization","@id":"https:\/\/www.bei-lin-da.cn\/#organization","name":"B-L-D Advisors","url":"https:\/\/www.bei-lin-da.cn\/","sameAs":["https:\/\/www.facebook.com\/BLDindustrialservices\/?modal=admin_todo_tour","https:\/\/www.linkedin.com\/company\/18981482\/admin\/","https:\/\/twitter.com\/PRANDA58"],"logo":{"@type":"ImageObject","@id":"https:\/\/www.bei-lin-da.cn\/#logo","inLanguage":"it-IT","url":"http:\/\/bei-lin-da.cn\/wp-content\/uploads\/2021\/12\/B-L-D1-200-200.png","contentUrl":"http:\/\/bei-lin-da.cn\/wp-content\/uploads\/2021\/12\/B-L-D1-200-200.png","width":200,"height":200,"caption":"B-L-D Advisors"},"image":{"@id":"https:\/\/www.bei-lin-da.cn\/#logo"}},{"@type":"WebSite","@id":"https:\/\/www.bei-lin-da.cn\/#website","url":"https:\/\/www.bei-lin-da.cn\/","name":"Industrial business services","description":"Your Alter-Ego in China","publisher":{"@id":"https:\/\/www.bei-lin-da.cn\/#organization"},"potentialAction":[{"@type":"SearchAction","target":{"@type":"EntryPoint","urlTemplate":"https:\/\/www.bei-lin-da.cn\/?s={search_term_string}"},"query-input":"required name=search_term_string"}],"inLanguage":"it-IT"},{"@type":"WebPage","@id":"https:\/\/www.bei-lin-da.cn\/it\/contatti\/#webpage","url":"https:\/\/www.bei-lin-da.cn\/it\/contatti\/","name":"C- Contatti &bull; Industrial business services Cina-produzione-consulente-ispezioni-","isPartOf":{"@id":"https:\/\/www.bei-lin-da.cn\/#website"},"datePublished":"2020-06-18T03:16:56+00:00","dateModified":"2021-12-29T15:03:25+00:00","description":"Pagina di contatto, dalla ricerca del produttore ottimale in Cina alla gestione della produzione, alla costruzione di processi di qualit\u00e0 e garanzia, alla consegna a standard definiti, B-L-D Advisors Consultant pu\u00f2 gestire con competenza tutte le attivit\u00e0 di China Operations. sviluppo, ottimizzazione, ciclo di prodotto di gestione, dallo sviluppo della progettazione del prodotto alla produzione su larga scala, agli standard di qualit\u00e0 e alla logistica. Ispezioni controlla il sitoIndustrial business services C- Contatti &bull; %","breadcrumb":{"@id":"https:\/\/www.bei-lin-da.cn\/it\/contatti\/#breadcrumb"},"inLanguage":"it-IT","potentialAction":[{"@type":"ReadAction","target":["https:\/\/www.bei-lin-da.cn\/it\/contatti\/"]}]},{"@type":"BreadcrumbList","@id":"https:\/\/www.bei-lin-da.cn\/it\/contatti\/#breadcrumb","itemListElement":[{"@type":"ListItem","position":1,"name":"Home","item":"https:\/\/www.bei-lin-da.cn\/it\/"},{"@type":"ListItem","position":2,"name":"C- Contatti"}]}]}},"_links":{"self":[{"href":"https:\/\/www.bei-lin-da.cn\/it\/wp-json\/wp\/v2\/pages\/3234"}],"collection":[{"href":"https:\/\/www.bei-lin-da.cn\/it\/wp-json\/wp\/v2\/pages"}],"about":[{"href":"https:\/\/www.bei-lin-da.cn\/it\/wp-json\/wp\/v2\/types\/page"}],"author":[{"embeddable":true,"href":"https:\/\/www.bei-lin-da.cn\/it\/wp-json\/wp\/v2\/users\/1"}],"replies":[{"embeddable":true,"href":"https:\/\/www.bei-lin-da.cn\/it\/wp-json\/wp\/v2\/comments?post=3234"}],"version-history":[{"count":6,"href":"https:\/\/www.bei-lin-da.cn\/it\/wp-json\/wp\/v2\/pages\/3234\/revisions"}],"predecessor-version":[{"id":10620,"href":"https:\/\/www.bei-lin-da.cn\/it\/wp-json\/wp\/v2\/pages\/3234\/revisions\/10620"}],"wp:attachment":[{"href":"https:\/\/www.bei-lin-da.cn\/it\/wp-json\/wp\/v2\/media?parent=3234"}],"wp:term":[{"taxonomy":"post_tag","embeddable":true,"href":"https:\/\/www.bei-lin-da.cn\/it\/wp-json\/wp\/v2\/tags?post=3234"}],"curies":[{"name":"wp","href":"https:\/\/api.w.org\/{rel}","templated":true}]}}